{"id":36,"date":"2023-05-13T14:28:33","date_gmt":"2023-05-13T12:28:33","guid":{"rendered":"http:\/\/gestion-locations-saisonnieres-var.fr\/?page_id=36"},"modified":"2023-05-13T14:45:46","modified_gmt":"2023-05-13T12:45:46","slug":"qui-suis-je","status":"publish","type":"page","link":"https:\/\/gestion-locations-saisonnieres-var.fr\/index.php\/qui-suis-je\/","title":{"rendered":"Qui suis-je ?"},"content":{"rendered":"\t\t<div data-elementor-type=\"wp-page\" data-elementor-id=\"36\" class=\"elementor elementor-36\">\n\t\t\t\t\t\t\t\t\t<section class=\"elementor-section elementor-top-section elementor-element elementor-element-4b7ab3e1 elementor-section-boxed elementor-section-height-default elementor-section-height-default\" data-id=\"4b7ab3e1\" data-element_type=\"section\">\n\t\t\t\t\t\t<div class=\"elementor-container elementor-column-gap-default\">\n\t\t\t\t\t<div class=\"elementor-column elementor-col-100 elementor-top-column elementor-element elementor-element-375d7db8\" data-id=\"375d7db8\" data-element_type=\"column\">\n\t\t\t<div class=\"elementor-widget-wrap elementor-element-populated\">\n\t\t\t\t\t\t\t\t<div class=\"elementor-element elementor-element-7b9e65dd elementor-widget elementor-widget-text-editor\" data-id=\"7b9e65dd\" data-element_type=\"widget\" data-widget_type=\"text-editor.default\">\n\t\t\t\t<div class=\"elementor-widget-container\">\n\t\t\t<style>\/*! elementor - v3.13.2 - 11-05-2023 *\/\n.elementor-widget-text-editor.elementor-drop-cap-view-stacked .elementor-drop-cap{background-color:#69727d;color:#fff}.elementor-widget-text-editor.elementor-drop-cap-view-framed .elementor-drop-cap{color:#69727d;border:3px solid;background-color:transparent}.elementor-widget-text-editor:not(.elementor-drop-cap-view-default) .elementor-drop-cap{margin-top:8px}.elementor-widget-text-editor:not(.elementor-drop-cap-view-default) .elementor-drop-cap-letter{width:1em;height:1em}.elementor-widget-text-editor .elementor-drop-cap{float:left;text-align:center;line-height:1;font-size:50px}.elementor-widget-text-editor .elementor-drop-cap-letter{display:inline-block}<\/style>\t\t\t\t<!-- wp:paragraph -->\n<p>Blablabla &#8230;.<\/p>\n<!-- \/wp:paragraph -->\t\t\t\t\t\t<\/div>\n\t\t\t\t<\/div>\n\t\t\t\t\t<\/div>\n\t\t<\/div>\n\t\t\t\t\t\t\t<\/div>\n\t\t<\/section>\n\t\t\t\t<section class=\"elementor-section elementor-top-section elementor-element elementor-element-1df0d8c elementor-section-boxed elementor-section-height-default elementor-section-height-default\" data-id=\"1df0d8c\" data-element_type=\"section\">\n\t\t\t\t\t\t<div class=\"elementor-container elementor-column-gap-default\">\n\t\t\t\t\t<div class=\"elementor-column elementor-col-50 elementor-top-column elementor-element elementor-element-4fcbb26\" data-id=\"4fcbb26\" data-element_type=\"column\">\n\t\t\t<div class=\"elementor-widget-wrap elementor-element-populated\">\n\t\t\t\t\t\t\t\t<div class=\"elementor-element elementor-element-ba2c3dd elementor-widget elementor-widget-text-editor\" data-id=\"ba2c3dd\" data-element_type=\"widget\" data-widget_type=\"text-editor.default\">\n\t\t\t\t<div class=\"elementor-widget-container\">\n\t\t\t\t\t\t\t<p><!-- wp:paragraph --><\/p>\n<p>Avec &#8230; les beaux jours et les vacances les premi\u00e8res locations saisonni\u00e8res arrivent&#8230;<\/p>\n<p><!-- \/wp:paragraph --><\/p>\n<p><!-- wp:paragraph --><\/p>\n<p>Ma devise, prendre soin de votre bien comme nous aimons soigner le n\u00f4tre.<\/p>\n<p><!-- \/wp:paragraph --><\/p>\n<p><!-- wp:paragraph --><\/p>\n<p>De la promotion de votre bien \u00e0 l&rsquo;accueil personnalis\u00e9 de vos locataires d&rsquo;un week-end, d&rsquo;une semaine ou d&rsquo;un mois, en passant par l&rsquo;\u00e9tablissement d&rsquo;un contrat de location en bonne et due forme, la propr\u00e9t\u00e9 et les d\u00e9pannages d&rsquo;urgence, je m&rsquo;occupe de tout pour que, vous aussi, vous soyez en vacances. <img loading=\"lazy\" decoding=\"async\" src=\"https:\/\/static.xx.fbcdn.net\/images\/emoji.php\/v9\/tdc\/1.5\/16\/1f60e.png\" alt=\"\ud83d\ude0e\" width=\"16\" height=\"16\" \/><img loading=\"lazy\" decoding=\"async\" src=\"https:\/\/static.xx.fbcdn.net\/images\/emoji.php\/v9\/t46\/1.5\/16\/1f379.png\" alt=\"\ud83c\udf79\" width=\"16\" height=\"16\" \/><\/p>\n<p><!-- \/wp:paragraph --><\/p>\n<p><!-- wp:paragraph --><\/p>\n<p>Alors n&rsquo;h\u00e9sitez pas \u00e0 me contacter afin que je vous \u00e9tablisse un devis sur-mesure.<\/p>\n<p><!-- \/wp:paragraph --><\/p>\n<p><!-- wp:paragraph --><\/p>\n<p>Ci-dessous, quelques photos de l&rsquo;appartement de <a href=\"https:\/\/www.facebook.com\/lauriane.simonetti?__cft__[0]=AZXIvcn9McdwA970gNi4l5I1ZslYEccMCw40Bzz4enC2QL8xWTCmfGj5wcHpb5y3Ott0ktV8C8TXQKKX6P7CBow_F-m3MuPGGZ7ignHSJz0WrA&amp;__tn__=-]K-R\">Lauriane Simonetti<\/a> que je remercie au passage pour la confiance qu&rsquo;elle m&rsquo;accorde et qui enregistre aujourd&rsquo;hui sa premi\u00e8re r\u00e9servation avec moi.<\/p>\n<p><!-- \/wp:paragraph --><\/p>\n<p><!-- wp:quote --><\/p>\n<blockquote class=\"wp-block-quote\">\n<p><!-- wp:paragraph --><\/p>\n<p>Bonjour\u00a0! Je suis un m\u00e9canicien qui aspire \u00e0 devenir acteur, et voici mon site. J\u2019habite \u00e0 Bordeaux, j\u2019ai un super chien baptis\u00e9 Russell, et j\u2019aime la vodka (ainsi qu\u2019\u00eatre surpris par la pluie soudaine lors de longues balades sur la plage au coucher du soleil).<\/p>\n<p><!-- \/wp:paragraph --><\/p>\n<\/blockquote>\n<p><!-- \/wp:quote --><\/p>\n<p><!-- wp:paragraph --><\/p>\n<p>\u2026ou quelque chose comme cela\u00a0:<\/p>\n<p><!-- \/wp:paragraph --><\/p>\n<p><!-- wp:quote --><\/p>\n<blockquote class=\"wp-block-quote\">\n<p><!-- wp:paragraph --><\/p>\n<p>La soci\u00e9t\u00e9 123 Machin Truc a \u00e9t\u00e9 cr\u00e9\u00e9e en 1971, et n\u2019a cess\u00e9 de proposer au public des machins-trucs de qualit\u00e9 depuis lors. Situ\u00e9e \u00e0 Saint-Remy-en-Bouzemont-Saint-Genest-et-Isson, 123 Machin Truc emploie 2 000 personnes, et fabrique toutes sortes de bidules supers pour la communaut\u00e9 bouzemontoise.<\/p>\n<p><!-- \/wp:paragraph --><\/p>\n<\/blockquote>\n<p><!-- \/wp:quote --><\/p>\n<p><!-- wp:paragraph --><\/p>\n<p>En tant que nouvel utilisateur ou utilisatrice de WordPress, vous devriez vous rendre sur <a href=\"http:\/\/gestion-locations-saisonnieres-var.fr\/wp-admin\/\">votre tableau de bord<\/a> pour supprimer cette page et cr\u00e9er de nouvelles pages pour votre contenu. Amusez-vous bien\u00a0!<\/p>\n<p><!-- \/wp:paragraph --><\/p>\t\t\t\t\t\t<\/div>\n\t\t\t\t<\/div>\n\t\t\t\t\t<\/div>\n\t\t<\/div>\n\t\t\t\t<div class=\"elementor-column elementor-col-50 elementor-top-column elementor-element elementor-element-e442f82\" data-id=\"e442f82\" data-element_type=\"column\">\n\t\t\t<div class=\"elementor-widget-wrap elementor-element-populated\">\n\t\t\t\t\t\t\t\t<div class=\"elementor-element elementor-element-98d6798 elementor-widget elementor-widget-image\" data-id=\"98d6798\" data-element_type=\"widget\" data-widget_type=\"image.default\">\n\t\t\t\t<div class=\"elementor-widget-container\">\n\t\t\t<style>\/*! elementor - v3.13.2 - 11-05-2023 *\/\n.elementor-widget-image{text-align:center}.elementor-widget-image a{display:inline-block}.elementor-widget-image a img[src$=\".svg\"]{width:48px}.elementor-widget-image img{vertical-align:middle;display:inline-block}<\/style>\t\t\t\t\t\t\t\t\t\t\t\t\t<a href=\"http:\/\/gestion-locations-saisonnieres-var.fr\/wp-content\/uploads\/2023\/05\/Windows-11-Wallpaper8-scaled-1.jpg\" data-elementor-open-lightbox=\"yes\" data-elementor-lightbox-title=\"Windows-11-Wallpaper8-scaled\" data-e-action-hash=\"#elementor-action%3Aaction%3Dlightbox%26settings%3DeyJpZCI6MjAsInVybCI6Imh0dHBzOlwvXC9nZXN0aW9uLWxvY2F0aW9ucy1zYWlzb25uaWVyZXMtdmFyLmZyXC93cC1jb250ZW50XC91cGxvYWRzXC8yMDIzXC8wNVwvV2luZG93cy0xMS1XYWxscGFwZXI4LXNjYWxlZC0xLmpwZyJ9\">\n\t\t\t\t\t\t\t<img loading=\"lazy\" decoding=\"async\" width=\"800\" height=\"450\" src=\"https:\/\/gestion-locations-saisonnieres-var.fr\/wp-content\/uploads\/2023\/05\/Windows-11-Wallpaper8-scaled-1-1024x576.jpg\" class=\"attachment-large size-large wp-image-20\" alt=\"\" srcset=\"https:\/\/gestion-locations-saisonnieres-var.fr\/wp-content\/uploads\/2023\/05\/Windows-11-Wallpaper8-scaled-1-1024x576.jpg 1024w, https:\/\/gestion-locations-saisonnieres-var.fr\/wp-content\/uploads\/2023\/05\/Windows-11-Wallpaper8-scaled-1-300x169.jpg 300w, https:\/\/gestion-locations-saisonnieres-var.fr\/wp-content\/uploads\/2023\/05\/Windows-11-Wallpaper8-scaled-1-768x432.jpg 768w, https:\/\/gestion-locations-saisonnieres-var.fr\/wp-content\/uploads\/2023\/05\/Windows-11-Wallpaper8-scaled-1-1536x864.jpg 1536w, https:\/\/gestion-locations-saisonnieres-var.fr\/wp-content\/uploads\/2023\/05\/Windows-11-Wallpaper8-scaled-1-2048x1152.jpg 2048w\" sizes=\"auto, (max-width: 800px) 100vw, 800px\" \/>\t\t\t\t\t\t\t\t<\/a>\n\t\t\t\t\t\t\t\t\t\t\t\t\t\t\t<\/div>\n\t\t\t\t<\/div>\n\t\t\t\t<div class=\"elementor-element elementor-element-54155e5 elementor-widget elementor-widget-image-gallery\" data-id=\"54155e5\" data-element_type=\"widget\" data-widget_type=\"image-gallery.default\">\n\t\t\t\t<div class=\"elementor-widget-container\">\n\t\t\t<style>\/*! elementor - v3.13.2 - 11-05-2023 *\/\n.elementor-image-gallery .gallery-item{display:inline-block;text-align:center;vertical-align:top;width:100%;max-width:100%;margin:0 auto}.elementor-image-gallery .gallery-item img{margin:0 auto}.elementor-image-gallery .gallery-item .gallery-caption{margin:0}.elementor-image-gallery figure img{display:block}.elementor-image-gallery figure figcaption{width:100%}.gallery-spacing-custom .elementor-image-gallery .gallery-icon{padding:0}@media (min-width:768px){.elementor-image-gallery .gallery-columns-2 .gallery-item{max-width:50%}.elementor-image-gallery .gallery-columns-3 .gallery-item{max-width:33.33%}.elementor-image-gallery .gallery-columns-4 .gallery-item{max-width:25%}.elementor-image-gallery .gallery-columns-5 .gallery-item{max-width:20%}.elementor-image-gallery .gallery-columns-6 .gallery-item{max-width:16.666%}.elementor-image-gallery .gallery-columns-7 .gallery-item{max-width:14.28%}.elementor-image-gallery .gallery-columns-8 .gallery-item{max-width:12.5%}.elementor-image-gallery .gallery-columns-9 .gallery-item{max-width:11.11%}.elementor-image-gallery .gallery-columns-10 .gallery-item{max-width:10%}}@media (min-width:480px) and (max-width:767px){.elementor-image-gallery .gallery.gallery-columns-2 .gallery-item,.elementor-image-gallery .gallery.gallery-columns-3 .gallery-item,.elementor-image-gallery .gallery.gallery-columns-4 .gallery-item,.elementor-image-gallery .gallery.gallery-columns-5 .gallery-item,.elementor-image-gallery .gallery.gallery-columns-6 .gallery-item,.elementor-image-gallery .gallery.gallery-columns-7 .gallery-item,.elementor-image-gallery .gallery.gallery-columns-8 .gallery-item,.elementor-image-gallery .gallery.gallery-columns-9 .gallery-item,.elementor-image-gallery .gallery.gallery-columns-10 .gallery-item{max-width:50%}}@media (max-width:479px){.elementor-image-gallery .gallery.gallery-columns-2 .gallery-item,.elementor-image-gallery .gallery.gallery-columns-3 .gallery-item,.elementor-image-gallery .gallery.gallery-columns-4 .gallery-item,.elementor-image-gallery .gallery.gallery-columns-5 .gallery-item,.elementor-image-gallery .gallery.gallery-columns-6 .gallery-item,.elementor-image-gallery .gallery.gallery-columns-7 .gallery-item,.elementor-image-gallery .gallery.gallery-columns-8 .gallery-item,.elementor-image-gallery .gallery.gallery-columns-9 .gallery-item,.elementor-image-gallery .gallery.gallery-columns-10 .gallery-item{max-width:100%}}<\/style>\t\t<div class=\"elementor-image-gallery\">\n\t\t\t<div id='gallery-1' class='gallery galleryid-36 gallery-columns-6 gallery-size-thumbnail'><figure class='gallery-item'>\n\t\t\t<div class='gallery-icon landscape'>\n\t\t\t\t<a data-elementor-open-lightbox=\"yes\" data-elementor-lightbox-slideshow=\"54155e5\" data-elementor-lightbox-title=\"Windows-11-Wallpaper8-scaled\" data-e-action-hash=\"#elementor-action%3Aaction%3Dlightbox%26settings%3DeyJpZCI6MjAsInVybCI6Imh0dHBzOlwvXC9nZXN0aW9uLWxvY2F0aW9ucy1zYWlzb25uaWVyZXMtdmFyLmZyXC93cC1jb250ZW50XC91cGxvYWRzXC8yMDIzXC8wNVwvV2luZG93cy0xMS1XYWxscGFwZXI4LXNjYWxlZC0xLmpwZyIsInNsaWRlc2hvdyI6IjU0MTU1ZTUifQ%3D%3D\" href='https:\/\/gestion-locations-saisonnieres-var.fr\/wp-content\/uploads\/2023\/05\/Windows-11-Wallpaper8-scaled-1.jpg'><img loading=\"lazy\" decoding=\"async\" width=\"150\" height=\"150\" src=\"https:\/\/gestion-locations-saisonnieres-var.fr\/wp-content\/uploads\/2023\/05\/Windows-11-Wallpaper8-scaled-1-150x150.jpg\" class=\"attachment-thumbnail size-thumbnail\" alt=\"\" \/><\/a>\n\t\t\t<\/div><\/figure><figure class='gallery-item'>\n\t\t\t<div class='gallery-icon landscape'>\n\t\t\t\t<a data-elementor-open-lightbox=\"yes\" data-elementor-lightbox-slideshow=\"54155e5\" data-elementor-lightbox-title=\"Windows-11-Computer-Wallpaper-4k-scaled\" data-e-action-hash=\"#elementor-action%3Aaction%3Dlightbox%26settings%3DeyJpZCI6MjksInVybCI6Imh0dHBzOlwvXC9nZXN0aW9uLWxvY2F0aW9ucy1zYWlzb25uaWVyZXMtdmFyLmZyXC93cC1jb250ZW50XC91cGxvYWRzXC8yMDIzXC8wNVwvV2luZG93cy0xMS1Db21wdXRlci1XYWxscGFwZXItNGstc2NhbGVkLTEuanBnIiwic2xpZGVzaG93IjoiNTQxNTVlNSJ9\" href='https:\/\/gestion-locations-saisonnieres-var.fr\/wp-content\/uploads\/2023\/05\/Windows-11-Computer-Wallpaper-4k-scaled-1.jpg'><img loading=\"lazy\" decoding=\"async\" width=\"150\" height=\"150\" src=\"https:\/\/gestion-locations-saisonnieres-var.fr\/wp-content\/uploads\/2023\/05\/Windows-11-Computer-Wallpaper-4k-scaled-1-150x150.jpg\" class=\"attachment-thumbnail size-thumbnail\" alt=\"\" \/><\/a>\n\t\t\t<\/div><\/figure><figure class='gallery-item'>\n\t\t\t<div class='gallery-icon landscape'>\n\t\t\t\t<a data-elementor-open-lightbox=\"yes\" data-elementor-lightbox-slideshow=\"54155e5\" data-elementor-lightbox-title=\"photo-bourguet\" data-e-action-hash=\"#elementor-action%3Aaction%3Dlightbox%26settings%3DeyJpZCI6MzAsInVybCI6Imh0dHBzOlwvXC9nZXN0aW9uLWxvY2F0aW9ucy1zYWlzb25uaWVyZXMtdmFyLmZyXC93cC1jb250ZW50XC91cGxvYWRzXC8yMDIzXC8wNVwvcGhvdG8tYm91cmd1ZXQucG5nIiwic2xpZGVzaG93IjoiNTQxNTVlNSJ9\" href='https:\/\/gestion-locations-saisonnieres-var.fr\/wp-content\/uploads\/2023\/05\/photo-bourguet.png'><img loading=\"lazy\" decoding=\"async\" width=\"150\" height=\"150\" src=\"https:\/\/gestion-locations-saisonnieres-var.fr\/wp-content\/uploads\/2023\/05\/photo-bourguet-150x150.png\" class=\"attachment-thumbnail size-thumbnail\" alt=\"\" srcset=\"https:\/\/gestion-locations-saisonnieres-var.fr\/wp-content\/uploads\/2023\/05\/photo-bourguet-150x150.png 150w, https:\/\/gestion-locations-saisonnieres-var.fr\/wp-content\/uploads\/2023\/05\/photo-bourguet-300x300.png 300w, https:\/\/gestion-locations-saisonnieres-var.fr\/wp-content\/uploads\/2023\/05\/photo-bourguet-1024x1024.png 1024w, https:\/\/gestion-locations-saisonnieres-var.fr\/wp-content\/uploads\/2023\/05\/photo-bourguet-768x768.png 768w, https:\/\/gestion-locations-saisonnieres-var.fr\/wp-content\/uploads\/2023\/05\/photo-bourguet-1536x1536.png 1536w, https:\/\/gestion-locations-saisonnieres-var.fr\/wp-content\/uploads\/2023\/05\/photo-bourguet.png 2048w\" sizes=\"auto, (max-width: 150px) 100vw, 150px\" \/><\/a>\n\t\t\t<\/div><\/figure><figure class='gallery-item'>\n\t\t\t<div class='gallery-icon portrait'>\n\t\t\t\t<a data-elementor-open-lightbox=\"yes\" data-elementor-lightbox-slideshow=\"54155e5\" data-elementor-lightbox-title=\"146684434_891070705070322_3252702366627487565_n\" data-e-action-hash=\"#elementor-action%3Aaction%3Dlightbox%26settings%3DeyJpZCI6NTksInVybCI6Imh0dHBzOlwvXC9nZXN0aW9uLWxvY2F0aW9ucy1zYWlzb25uaWVyZXMtdmFyLmZyXC93cC1jb250ZW50XC91cGxvYWRzXC8yMDIzXC8wNVwvMTQ2Njg0NDM0Xzg5MTA3MDcwNTA3MDMyMl8zMjUyNzAyMzY2NjI3NDg3NTY1X24uanBnIiwic2xpZGVzaG93IjoiNTQxNTVlNSJ9\" href='https:\/\/gestion-locations-saisonnieres-var.fr\/wp-content\/uploads\/2023\/05\/146684434_891070705070322_3252702366627487565_n.jpg'><img loading=\"lazy\" decoding=\"async\" width=\"150\" height=\"150\" src=\"https:\/\/gestion-locations-saisonnieres-var.fr\/wp-content\/uploads\/2023\/05\/146684434_891070705070322_3252702366627487565_n-150x150.jpg\" class=\"attachment-thumbnail size-thumbnail\" alt=\"\" \/><\/a>\n\t\t\t<\/div><\/figure><figure class='gallery-item'>\n\t\t\t<div class='gallery-icon landscape'>\n\t\t\t\t<a data-elementor-open-lightbox=\"yes\" data-elementor-lightbox-slideshow=\"54155e5\" data-elementor-lightbox-title=\"1646134716448\" data-e-action-hash=\"#elementor-action%3Aaction%3Dlightbox%26settings%3DeyJpZCI6NjAsInVybCI6Imh0dHBzOlwvXC9nZXN0aW9uLWxvY2F0aW9ucy1zYWlzb25uaWVyZXMtdmFyLmZyXC93cC1jb250ZW50XC91cGxvYWRzXC8yMDIzXC8wNVwvMTY0NjEzNDcxNjQ0OC5qcGciLCJzbGlkZXNob3ciOiI1NDE1NWU1In0%3D\" href='https:\/\/gestion-locations-saisonnieres-var.fr\/wp-content\/uploads\/2023\/05\/1646134716448.jpg'><img loading=\"lazy\" decoding=\"async\" width=\"150\" height=\"150\" src=\"https:\/\/gestion-locations-saisonnieres-var.fr\/wp-content\/uploads\/2023\/05\/1646134716448-150x150.jpg\" class=\"attachment-thumbnail size-thumbnail\" alt=\"\" srcset=\"https:\/\/gestion-locations-saisonnieres-var.fr\/wp-content\/uploads\/2023\/05\/1646134716448-150x150.jpg 150w, https:\/\/gestion-locations-saisonnieres-var.fr\/wp-content\/uploads\/2023\/05\/1646134716448-300x300.jpg 300w, https:\/\/gestion-locations-saisonnieres-var.fr\/wp-content\/uploads\/2023\/05\/1646134716448-768x768.jpg 768w, https:\/\/gestion-locations-saisonnieres-var.fr\/wp-content\/uploads\/2023\/05\/1646134716448.jpg 1000w\" sizes=\"auto, (max-width: 150px) 100vw, 150px\" \/><\/a>\n\t\t\t<\/div><\/figure><figure class='gallery-item'>\n\t\t\t<div class='gallery-icon landscape'>\n\t\t\t\t<a data-elementor-open-lightbox=\"yes\" data-elementor-lightbox-slideshow=\"54155e5\" data-elementor-lightbox-title=\"conf\" data-e-action-hash=\"#elementor-action%3Aaction%3Dlightbox%26settings%3DeyJpZCI6NjEsInVybCI6Imh0dHBzOlwvXC9nZXN0aW9uLWxvY2F0aW9ucy1zYWlzb25uaWVyZXMtdmFyLmZyXC93cC1jb250ZW50XC91cGxvYWRzXC8yMDIzXC8wNVwvY29uZi1zY2FsZWQuanBnIiwic2xpZGVzaG93IjoiNTQxNTVlNSJ9\" href='https:\/\/gestion-locations-saisonnieres-var.fr\/wp-content\/uploads\/2023\/05\/conf-scaled.jpg'><img loading=\"lazy\" decoding=\"async\" width=\"150\" height=\"150\" src=\"https:\/\/gestion-locations-saisonnieres-var.fr\/wp-content\/uploads\/2023\/05\/conf-150x150.jpg\" class=\"attachment-thumbnail size-thumbnail\" alt=\"\" \/><\/a>\n\t\t\t<\/div><\/figure>\n\t\t<\/div>\n\t\t<\/div>\n\t\t\t\t<\/div>\n\t\t\t\t<\/div>\n\t\t\t\t<div class=\"elementor-element elementor-element-96c572b elementor-widget elementor-widget-text-editor\" data-id=\"96c572b\" data-element_type=\"widget\" data-widget_type=\"text-editor.default\">\n\t\t\t\t<div class=\"elementor-widget-container\">\n\t\t\t\t\t\t\t<p><!-- wp:paragraph --><\/p>\n<p>Avec les beaux jours et les vacances les premi\u00e8res locations saisonni\u00e8res arrivent&#8230;<\/p>\n<p><!-- \/wp:paragraph --><\/p>\n<p><!-- wp:paragraph --><\/p>\n<p>Ma devise, prendre soin de votre bien comme nous aimons soigner le n\u00f4tre.<\/p>\n<p><!-- \/wp:paragraph --><\/p>\t\t\t\t\t\t<\/div>\n\t\t\t\t<\/div>\n\t\t\t\t\t<\/div>\n\t\t<\/div>\n\t\t\t\t\t\t\t<\/div>\n\t\t<\/section>\n\t\t\t\t\t\t\t<\/div>\n\t\t","protected":false},"excerpt":{"rendered":"<p>Blablabla &#8230;. Avec &#8230; les beaux jours et les vacances les premi\u00e8res locations saisonni\u00e8res arrivent&#8230; Ma devise, prendre soin de votre bien comme nous aimons soigner le n\u00f4tre. De la promotion de votre bien \u00e0 l&rsquo;accueil personnalis\u00e9 de vos locataires d&rsquo;un week-end, d&rsquo;une semaine ou d&rsquo;un mois, en passant par l&rsquo;\u00e9tablissement d&rsquo;un contrat de location [&hellip;]<\/p>\n","protected":false},"author":2,"featured_media":0,"parent":0,"menu_order":3,"comment_status":"closed","ping_status":"closed","template":"","meta":{"footnotes":""},"class_list":["post-36","page","type-page","status-publish","hentry"],"_links":{"self":[{"href":"https:\/\/gestion-locations-saisonnieres-var.fr\/index.php\/wp-json\/wp\/v2\/pages\/36","targetHints":{"allow":["GET"]}}],"collection":[{"href":"https:\/\/gestion-locations-saisonnieres-var.fr\/index.php\/wp-json\/wp\/v2\/pages"}],"about":[{"href":"https:\/\/gestion-locations-saisonnieres-var.fr\/index.php\/wp-json\/wp\/v2\/types\/page"}],"author":[{"embeddable":true,"href":"https:\/\/gestion-locations-saisonnieres-var.fr\/index.php\/wp-json\/wp\/v2\/users\/2"}],"replies":[{"embeddable":true,"href":"https:\/\/gestion-locations-saisonnieres-var.fr\/index.php\/wp-json\/wp\/v2\/comments?post=36"}],"version-history":[{"count":11,"href":"https:\/\/gestion-locations-saisonnieres-var.fr\/index.php\/wp-json\/wp\/v2\/pages\/36\/revisions"}],"predecessor-version":[{"id":70,"href":"https:\/\/gestion-locations-saisonnieres-var.fr\/index.php\/wp-json\/wp\/v2\/pages\/36\/revisions\/70"}],"wp:attachment":[{"href":"https:\/\/gestion-locations-saisonnieres-var.fr\/index.php\/wp-json\/wp\/v2\/media?parent=36"}],"curies":[{"name":"wp","href":"https:\/\/api.w.org\/{rel}","templated":true}]}}